{"id":37,"date":"2008-12-28T21:42:43","date_gmt":"2008-12-28T19:42:43","guid":{"rendered":"http:\/\/neulichimgarten.de\/blog\/?page_id=37"},"modified":"2021-01-30T22:22:10","modified_gmt":"2021-01-30T20:22:10","slug":"warum-das-alles","status":"publish","type":"page","link":"https:\/\/www.neulichimgarten.de\/blog\/warum-das-alles\/","title":{"rendered":"Warum das alles"},"content":{"rendered":"<p>Nennen Sie keinen Garten Ihr eigen? Ist die einzige Pflanze in Ihrem Leben ein&nbsp;Bonsaibaum als Geschenk&nbsp;zu Ihrem&nbsp;letzten Geburtstag? Gehen Sie regelmaessig in den Supermarkt und kaufen &#8222;perfektes&#8220; Gemuese? Glauben Ihre Kinder, Tomaten wachsen an Baeumen? Kennen Sie Rote Bete nur aus den Erzaehlungen Ihrer Oma? Haben Sie schon einmal Topinambur gegessen? Denken Sie bei Schwarzwurzeln an Tropenholz?<\/p>\n<p>Bis vor wenigen Jahren war der Gedanke, einen Garten zu bewirtschaften, fuer uns ein Buch mit sieben Siegeln. Seit wir allerdings einen Garten besitzen, fragen wir uns, wie wir nur all die Jahre ohne haben auskommen koennen. Unsere Gartenleidenschaft hat sich sogar so weit entwickelt, dass wir ernstlich den Gedanken in Erwaegung ziehen, uns voll und ganz aus unserem Garten und von den Tieren, die wir halten zu ernaehren. Ein schwieriges Unterfangen.<\/p>\n<p>Als wir anfingen,&nbsp;hatten wir weder Erfahrung in Gartendingen, noch eine Ahnung davon, wie weit sich unsere &#8222;Leidenschaft&#8220; noch ausweiten wuerde. Angefangen haben wir mit einem Schrebergarten, sind dann aufs Land gezogen und haben jetzt knapp 2000 Quadratmeter zur Verfuegung. Darauf schaffen wir einen <a href=\"http:\/\/neulichimgarten.de\/blog\/dies-und-das\/gemuesegarten-mit-kartoffeln-und-stroh-anlegen\/\" target=\"_self\" rel=\"noopener\">Gemuesegarten<\/a>, haben eine <a href=\"http:\/\/neulichimgarten.de\/blog\/dies-und-das\/kleine-obstplantage-im-garten\/\" target=\"_self\" rel=\"noopener\">kleine Obstplantage<\/a> gepflanzt und es sogar geschafft, unser erstes <a href=\"http:\/\/neulichimgarten.de\/blog\/dies-und-das\/weizen-dreschen-oder-wie-hat-sich-meine-selbstgebaute-dreschmaschine-im-harten-alltag-bewaehrt-video\/\" target=\"_self\" rel=\"noopener\">eigenes Getreide<\/a> zu ernten, aus dem wir fleissig unser eigenes Brot backen. Damit sind&nbsp;unsere Ideen natuerlich noch laengst nicht ausgereizt. Je tiefer wir in die Materie eindringen, umso mehr Wuensche tauchen auf. Wir versuchen uns in der&nbsp;Speisepilzzucht, wir halten <a href=\"http:\/\/neulichimgarten.de\/blog\/dies-und-das\/huehner-selber-toeten-und-schlachten\/\" target=\"_self\" rel=\"noopener\">Huehner<\/a>, <a href=\"http:\/\/neulichimgarten.de\/blog\/dies-und-das\/richtiger-einstieg-in-die-entenhaltung\/\" target=\"_self\" rel=\"noopener\">Enten<\/a> und <a href=\"http:\/\/neulichimgarten.de\/blog\/dies-und-das\/kaninchen-von-hand-mit-der-spritze-aufziehen\/\" target=\"_self\" rel=\"noopener\">Kaninchen<\/a> und seit neuestem versuchen&nbsp;wir uns auch&nbsp;in der <a href=\"http:\/\/neulichimgarten.de\/blog\/dies-und-das\/bienen-lieben-phacelia\/\" target=\"_self\" rel=\"noopener\">Imkerei<\/a>. Langsam aber sicher wird auch unser neuer Garten zu klein. Anbauflaeche kann man naemlich nie genug haben.<\/p>\n<p>Ziel&nbsp;ist es, eines fernen Tages unsere vierkoepfige Familie voll und ganz mit dem zu ernaehren, was wir selbst anbauen&nbsp;oder produzieren. Das heisst nicht, dass wir &#8222;weltfremd&#8220; oder &#8222;Aussteiger&#8220; waeren. Ganz im Gegenteil. Wir stehen mit&nbsp;beiden Beinen im Leben. Auch wir gehen manchmal gerne in den Burgerladen, essen eine Pizza in der Pizzeria oder goennen uns ein Eis. Das eine muss das andere nicht ausschliessen.&nbsp;Alleine&nbsp;schon der Kinder wegen. Wir koennen ihnen nur einen Lebensweg zeigen, sie aber nicht in&nbsp;die von uns gewuenschte Richtung draengen. Wenn sie alt genug sind,&nbsp;werden sie sich schon fuer den richtigen Weg entscheiden. Da bin ich mir sicher.<\/p>\n<p>Begleiten Sie uns durchs Gartenjahr. Nehmen Sie Teil an unseren Erfolgen aber auch an unseren Misserfolgen. Lassen Sie sich durch das Wachstum der Pflanzen und durch das Bluehen der Blumen bezaubern. Folgen Sie uns auf dem Weg, ein wenig unserer Ernaehrung auf biologische Art und Weise selbst zu produzieren, mit den eigenen Haenden zu ernten und zu verarbeiten. Begleiten Sie uns auf unserem Weg in eine moeglichst grosse Selbstversorgung mit Obst, Gemuese und Fleisch.<\/p>\n<p>Es gibt viele Blogs die sich mit Garten und Gaertnern beschaeftigen. Warum also noch eines?<\/p>\n<p>Es gibt nur wenige, die sich intensiv um Gemuese, Obstanbau und Selbstversorgung&nbsp;drehen. Dieser Blog dreht sich in erster Linie um den Anbau von Obst und Gemuese in unserem Selbstversorgergarten. Auf einer Gesamtflaeche von ungefaehr 2000 Quadratmetern versuchen wir so viel wie moeglich unserer Ernaehrung auf&nbsp;natuerliche Art und Weise zu erzeugen. Hier soll reich bebildert und durch <a href=\"http:\/\/neulichimgarten.de\/blog\/unsere-besten-selbstversorgerfilme\/\" target=\"_self\" rel=\"noopener\">Videos<\/a> &#8222;erheitert&#8220; dokumentiert werden, inwieweit es auf dieser kleinen Fl\u00e4che machbar ist, so viel zu erzeugen, um damit eine vierk\u00f6pfige Familie ein Jahr lang weitestgehend zu ern\u00e4hren.<\/p>\n<p>Wir freuen uns ueber jeden Kommentar, jede Mail und jeden Hinweis. Natuerlich&nbsp;stehen wir auch Kritik nicht verschlossen gegenueber.<\/p>\n<p>Nutzen Sie unsere Kategorien in der Sidebar, um nach interessanten Themen zu suchen. Oder aber nutzen Sie unsere Suchfunktion. Noch besser ist, Sie stoebern&nbsp;einfach drauf los. Ich bin sicher, Sie werden den ein oder anderen interessanten Artikel finden. Vielleicht finden Sie auch den ein oder anderen Tipp, den Sie selbst umsetzen koennen.<\/p>\n<p>Wir wuenschen Ihnen viel Spass auf unserer Seite.<\/p>\n<p>PS: Wenn Ihnen unsere Seite gefaellt, dann setzten Sie einen Link zu uns. Wir wuerden uns freuen.<\/p>\n","protected":false},"excerpt":{"rendered":"<p>Nennen Sie keinen Garten Ihr eigen? Ist die einzige Pflanze in Ihrem Leben ein&nbsp;Bonsaibaum als Geschenk&nbsp;zu Ihrem&nbsp;letzten Geburtstag? Gehen Sie regelmaessig in den Supermarkt und kaufen &#8222;perfektes&#8220; Gemuese? Glauben Ihre Kinder, Tomaten wachsen an Baeumen? Kennen Sie Rote Bete nur aus den Erzaehlungen Ihrer Oma? Haben Sie schon einmal Topinambur gegessen? Denken Sie bei Schwarzwurzeln [&hellip;]<\/p>\n","protected":false},"author":1,"featured_media":0,"parent":0,"menu_order":0,"comment_status":"closed","ping_status":"closed","template":"","meta":[],"_links":{"self":[{"href":"https:\/\/www.neulichimgarten.de\/blog\/wp-json\/wp\/v2\/pages\/37"}],"collection":[{"href":"https:\/\/www.neulichimgarten.de\/blog\/wp-json\/wp\/v2\/pages"}],"about":[{"href":"https:\/\/www.neulichimgarten.de\/blog\/wp-json\/wp\/v2\/types\/page"}],"author":[{"embeddable":true,"href":"https:\/\/www.neulichimgarten.de\/blog\/wp-json\/wp\/v2\/users\/1"}],"replies":[{"embeddable":true,"href":"https:\/\/www.neulichimgarten.de\/blog\/wp-json\/wp\/v2\/comments?post=37"}],"version-history":[{"count":5,"href":"https:\/\/www.neulichimgarten.de\/blog\/wp-json\/wp\/v2\/pages\/37\/revisions"}],"predecessor-version":[{"id":26377,"href":"https:\/\/www.neulichimgarten.de\/blog\/wp-json\/wp\/v2\/pages\/37\/revisions\/26377"}],"wp:attachment":[{"href":"https:\/\/www.neulichimgarten.de\/blog\/wp-json\/wp\/v2\/media?parent=37"}],"curies":[{"name":"wp","href":"https:\/\/api.w.org\/{rel}","templated":true}]}}